{"id":17,"date":"2025-02-01T13:58:04","date_gmt":"2025-02-01T12:58:04","guid":{"rendered":"http:\/\/www.jardinsdumontblanc.fr\/?page_id=17"},"modified":"2025-06-02T20:27:46","modified_gmt":"2025-06-02T18:27:46","slug":"les-disponibilites","status":"publish","type":"page","link":"http:\/\/www.jardinsdumontblanc.fr\/index.php\/les-disponibilites\/","title":{"rendered":"G\u00eete Belle-\u00e9toile"},"content":{"rendered":"\n<div class=\"wp-block-group\"><div class=\"wp-block-group__inner-container is-layout-constrained wp-block-group-is-layout-constrained\">\n<p style=\"font-size:16px\">Bienvenue dans notre Eco-G\u00eete &#8220;Les Jardins du Mont Blanc&#8221;&nbsp;<\/p>\n\n\n\n<p style=\"font-size:16px\">Le g\u00eete est id\u00e9alement situ\u00e9 pour profiter des plaisirs de la montagne, grimper quelques cols mythiques du tour de France \u00e0 v\u00e9lo ou \u00e0 moto, visiter le patrimoine savoyard.<\/p>\n\n\n\n<p style=\"font-size:16px\">Au calme, vous saurez aussi vous ressourcer et profiter des massages et soins en m\u00e9decine traditionnelle chinoise que nous proposons.<\/p>\n<\/div><\/div>\n\n\n\n<div id=\"wp-block-themeisle-blocks-slider-d734ff68\" class=\"wp-block-themeisle-blocks-slider glide\" data-per-view=\"2\" data-gap=\"15\" data-peek=\"0\" data-autoplay=\"true\" data-height=\"300px\" data-hide-arrows=\"false\"><div class=\"glide__track\" data-glide-el=\"track\"><div class=\"glide__slides\"><div class=\"wp-block-themeisle-blocks-slider-item-wrapper glide__slide\" tabindex=\"0\"><figure><img decoding=\"async\" class=\"wp-block-themeisle-blocks-slider-item\" src=\"http:\/\/www.jardinsdumontblanc.fr\/wp-content\/uploads\/2025\/06\/2.BE_.DSC06010m-1-scaled.jpg\" alt=\"\" title=\"\" data-id=\"331\"\/><\/figure><\/div><div class=\"wp-block-themeisle-blocks-slider-item-wrapper glide__slide\" tabindex=\"0\"><figure><img decoding=\"async\" class=\"wp-block-themeisle-blocks-slider-item\" src=\"http:\/\/www.jardinsdumontblanc.fr\/wp-content\/uploads\/2025\/02\/1.-DSC05826-1-scaled.jpg\" alt=\"\" title=\"\" data-id=\"127\"\/><figcaption>Espace de vie<\/figcaption><\/figure><\/div><div class=\"wp-block-themeisle-blocks-slider-item-wrapper glide__slide\" tabindex=\"0\"><figure><img decoding=\"async\" class=\"wp-block-themeisle-blocks-slider-item\" src=\"http:\/\/www.jardinsdumontblanc.fr\/wp-content\/uploads\/2025\/06\/2.DSC0202020-1-scaled.jpg\" alt=\"\" title=\"\" data-id=\"333\"\/><\/figure><\/div><div class=\"wp-block-themeisle-blocks-slider-item-wrapper glide__slide\" tabindex=\"0\"><figure><img decoding=\"async\" class=\"wp-block-themeisle-blocks-slider-item\" src=\"http:\/\/www.jardinsdumontblanc.fr\/wp-content\/uploads\/2025\/06\/3.DSC06130m-1-scaled.jpg\" alt=\"\" title=\"\" data-id=\"338\"\/><\/figure><\/div><div class=\"wp-block-themeisle-blocks-slider-item-wrapper glide__slide\" tabindex=\"0\"><figure><img decoding=\"async\" class=\"wp-block-themeisle-blocks-slider-item\" src=\"http:\/\/www.jardinsdumontblanc.fr\/wp-content\/uploads\/2025\/02\/1.DSC05795-1-scaled.jpg\" alt=\"\" title=\"\" data-id=\"131\"\/><figcaption>Chambre et espace de travail<\/figcaption><\/figure><\/div><div class=\"wp-block-themeisle-blocks-slider-item-wrapper glide__slide\" tabindex=\"0\"><figure><img decoding=\"async\" class=\"wp-block-themeisle-blocks-slider-item\" src=\"http:\/\/www.jardinsdumontblanc.fr\/wp-content\/uploads\/2025\/02\/1.DSC05767-1-scaled.jpg\" alt=\"\" title=\"\" data-id=\"126\"\/><figcaption>Coin salon <\/figcaption><\/figure><\/div><div class=\"wp-block-themeisle-blocks-slider-item-wrapper glide__slide\" tabindex=\"0\"><figure><img decoding=\"async\" class=\"wp-block-themeisle-blocks-slider-item\" src=\"http:\/\/www.jardinsdumontblanc.fr\/wp-content\/uploads\/2025\/06\/3.DSC06116-2-scaled.jpg\" alt=\"\" title=\"\" data-id=\"335\"\/><\/figure><\/div><div class=\"wp-block-themeisle-blocks-slider-item-wrapper glide__slide\" tabindex=\"0\"><figure><img decoding=\"async\" class=\"wp-block-themeisle-blocks-slider-item\" src=\"http:\/\/www.jardinsdumontblanc.fr\/wp-content\/uploads\/2025\/02\/1.DSC05811-1-scaled.jpg\" alt=\"\" title=\"\" data-id=\"132\"\/><figcaption>Salle de bain<\/figcaption><\/figure><\/div><div class=\"wp-block-themeisle-blocks-slider-item-wrapper glide__slide\" tabindex=\"0\"><figure><img decoding=\"async\" class=\"wp-block-themeisle-blocks-slider-item\" src=\"http:\/\/www.jardinsdumontblanc.fr\/wp-content\/uploads\/2025\/02\/1.DSC05612-1-scaled.jpg\" alt=\"\" title=\"\" data-id=\"128\"\/><figcaption>Vue est\u00e9rieure<\/figcaption><\/figure><\/div><div class=\"wp-block-themeisle-blocks-slider-item-wrapper glide__slide\" tabindex=\"0\"><figure><img decoding=\"async\" class=\"wp-block-themeisle-blocks-slider-item\" src=\"http:\/\/www.jardinsdumontblanc.fr\/wp-content\/uploads\/2025\/06\/2.BE_.DSC05971m-2-scaled.jpg\" alt=\"\" title=\"\" data-id=\"329\"\/><\/figure><\/div><div class=\"wp-block-themeisle-blocks-slider-item-wrapper glide__slide\" tabindex=\"0\"><figure><img decoding=\"async\" class=\"wp-block-themeisle-blocks-slider-item\" src=\"http:\/\/www.jardinsdumontblanc.fr\/wp-content\/uploads\/2025\/06\/2.BE_.DSC05989m-2-scaled.jpg\" alt=\"\" title=\"\" data-id=\"330\"\/><\/figure><\/div><div class=\"wp-block-themeisle-blocks-slider-item-wrapper glide__slide\" tabindex=\"0\"><figure><img decoding=\"async\" class=\"wp-block-themeisle-blocks-slider-item\" src=\"http:\/\/www.jardinsdumontblanc.fr\/wp-content\/uploads\/2025\/06\/2.BE_.DSC06019m-2-scaled.jpg\" alt=\"\" title=\"\" data-id=\"332\"\/><\/figure><\/div><div class=\"wp-block-themeisle-blocks-slider-item-wrapper glide__slide\" tabindex=\"0\"><figure><img decoding=\"async\" class=\"wp-block-themeisle-blocks-slider-item\" src=\"http:\/\/www.jardinsdumontblanc.fr\/wp-content\/uploads\/2025\/06\/3.DSC06144-bis-1.png\" alt=\"\" title=\"\" data-id=\"340\"\/><\/figure><\/div><div class=\"wp-block-themeisle-blocks-slider-item-wrapper glide__slide\" tabindex=\"0\"><figure><img decoding=\"async\" class=\"wp-block-themeisle-blocks-slider-item\" src=\"http:\/\/www.jardinsdumontblanc.fr\/wp-content\/uploads\/2025\/06\/3.DCS06153-2-scaled.jpg\" alt=\"\" title=\"\" data-id=\"334\"\/><\/figure><\/div><div class=\"wp-block-themeisle-blocks-slider-item-wrapper glide__slide\" tabindex=\"0\"><figure><img decoding=\"async\" class=\"wp-block-themeisle-blocks-slider-item\" src=\"http:\/\/www.jardinsdumontblanc.fr\/wp-content\/uploads\/2025\/06\/3.DSC06119-1-scaled.jpg\" alt=\"\" title=\"\" data-id=\"336\"\/><\/figure><\/div><div class=\"wp-block-themeisle-blocks-slider-item-wrapper glide__slide\" tabindex=\"0\"><figure><img decoding=\"async\" class=\"wp-block-themeisle-blocks-slider-item\" src=\"http:\/\/www.jardinsdumontblanc.fr\/wp-content\/uploads\/2025\/06\/3.DSC06130-1-scaled.jpg\" alt=\"\" title=\"\" data-id=\"337\"\/><\/figure><\/div><div class=\"wp-block-themeisle-blocks-slider-item-wrapper glide__slide\" tabindex=\"0\"><figure><img decoding=\"async\" class=\"wp-block-themeisle-blocks-slider-item\" src=\"http:\/\/www.jardinsdumontblanc.fr\/wp-content\/uploads\/2025\/06\/3.DSC06134-1-scaled.jpg\" alt=\"\" title=\"\" data-id=\"339\"\/><\/figure><\/div><\/div><div class=\"glide__bullets\" data-glide-el=\"controls[nav]\"><button class=\"glide__bullet\" data-glide-dir=\"=0\"><\/button><button class=\"glide__bullet\" data-glide-dir=\"=1\"><\/button><button class=\"glide__bullet\" data-glide-dir=\"=2\"><\/button><button class=\"glide__bullet\" data-glide-dir=\"=3\"><\/button><button class=\"glide__bullet\" data-glide-dir=\"=4\"><\/button><button class=\"glide__bullet\" data-glide-dir=\"=5\"><\/button><button class=\"glide__bullet\" data-glide-dir=\"=6\"><\/button><button class=\"glide__bullet\" data-glide-dir=\"=7\"><\/button><button class=\"glide__bullet\" data-glide-dir=\"=8\"><\/button><button class=\"glide__bullet\" data-glide-dir=\"=9\"><\/button><button class=\"glide__bullet\" data-glide-dir=\"=10\"><\/button><button class=\"glide__bullet\" data-glide-dir=\"=11\"><\/button><button class=\"glide__bullet\" data-glide-dir=\"=12\"><\/button><button class=\"glide__bullet\" data-glide-dir=\"=13\"><\/button><button class=\"glide__bullet\" data-glide-dir=\"=14\"><\/button><button class=\"glide__bullet\" data-glide-dir=\"=15\"><\/button><button class=\"glide__bullet\" data-glide-dir=\"=16\"><\/button><\/div><\/div><\/div>\n\n\n\n<div class=\"wp-block-group\"><div class=\"wp-block-group__inner-container is-layout-constrained wp-block-group-is-layout-constrained\">\n<p style=\"font-size:16px\">Dans une grande maison compos\u00e9e de 3 g\u00eetes et notre habitation, vous appr\u00e9cierez particuli\u00e8rement \u00ab<strong> le g\u00eete Belle \u00e9toile&nbsp;\u00bb<\/strong> pour&nbsp;:<\/p>\n\n\n\n<ul class=\"wp-block-list\">\n<li>pour les volumes mansard\u00e9s avec poutres apparentes.<\/li>\n\n\n\n<li style=\"font-size:16px\">le grand s\u00e9jour de 50m\u00b2 avec coins salon cozy, coin TV et cuisine bien \u00e9quip\u00e9e. Le canap\u00e9 est convertible en lit double. &nbsp;<\/li>\n\n\n\n<li>la grande chambre de 15m\u00b2 avec lit double confortable ou 2 lits simples et espace de travail<\/li>\n\n\n\n<li>l\u2019acc\u00e8s au jardin partag\u00e9<\/li>\n<\/ul>\n\n\n\n<p style=\"font-size:16px\">et le confort \u00e9t\u00e9 comme hiver de la pompe \u00e0 chaleur r\u00e9versible.<\/p>\n\n\n\n<p style=\"font-size:16px\">Note&nbsp;: Pour des raisons de s\u00e9curit\u00e9 avec le bassin \u00e0 poisson sur la propri\u00e9t\u00e9, seuls les enfants de plus de 10 ans sont accept\u00e9s. &nbsp;<\/p>\n\n\n\n<p style=\"font-size:16px\">Le g\u00eete est situ\u00e9 au c\u0153ur des Alpes&nbsp;et au pied du Parc des Bauges. Quelques d\u00e9parts de randonn\u00e9e sont possibles de la maison. Une dizaine de stations de ski dont 3 vall\u00e9es sont accessibles \u00e0 moins d\u2019une heure de route. Pour le V\u00e9lo ou la moto, la route du col de Tami\u00e9 passe devant la maison.<\/p>\n\n\n\n<p style=\"font-size:16px\">L\u2019acc\u00e8s en voiture se fait par l\u2019autoroute A430 \u00ab&nbsp;sortie Saint H\u00e9l\u00e8ne sur Is\u00e8re&nbsp;\u00bb puis 10 mn de voiture en direction du Col de Tami\u00e9. Une place de stationnement vous sera r\u00e9serv\u00e9e sur place.<\/p>\n\n\n\n<p style=\"font-size:16px\">En train ou en bus&nbsp;: gare SNCF de Frontenex, situ\u00e9e \u00e0 5 minutes, gare d\u2019Albertville \u00e0 15 minutes. Possibilit\u00e9 de louer une voiture \u00e0 Albertville.<\/p>\n\n\n\n<p style=\"font-size:16px\">La zone commerciale situ\u00e9e \u00e0 10 minutes avec hypermarch\u00e9, laverie automatique, restaurants\u2026<\/p>\n<\/div><\/div>\n\n\n\n<p><\/p>\n","protected":false},"excerpt":{"rendered":"<p>Bienvenue dans notre Eco-G\u00eete &#8220;Les Jardins du Mont Blanc&#8221;&nbsp; Le g\u00eete est id\u00e9alement situ\u00e9 pour profiter des plaisirs de la montagne, grimper quelques cols mythiques du tour de France \u00e0 v\u00e9lo ou \u00e0 moto, visiter le patrimoine savoyard. Au calme, vous saurez aussi vous ressourcer et profiter des massages et [&hellip;]<\/p>\n","protected":false},"author":1,"featured_media":137,"parent":0,"menu_order":0,"comment_status":"closed","ping_status":"closed","template":"","meta":{"_themeisle_gutenberg_block_has_review":false,"footnotes":""},"class_list":["post-17","page","type-page","status-publish","has-post-thumbnail","hentry"],"_links":{"self":[{"href":"http:\/\/www.jardinsdumontblanc.fr\/index.php\/wp-json\/wp\/v2\/pages\/17","targetHints":{"allow":["GET"]}}],"collection":[{"href":"http:\/\/www.jardinsdumontblanc.fr\/index.php\/wp-json\/wp\/v2\/pages"}],"about":[{"href":"http:\/\/www.jardinsdumontblanc.fr\/index.php\/wp-json\/wp\/v2\/types\/page"}],"author":[{"embeddable":true,"href":"http:\/\/www.jardinsdumontblanc.fr\/index.php\/wp-json\/wp\/v2\/users\/1"}],"replies":[{"embeddable":true,"href":"http:\/\/www.jardinsdumontblanc.fr\/index.php\/wp-json\/wp\/v2\/comments?post=17"}],"version-history":[{"count":8,"href":"http:\/\/www.jardinsdumontblanc.fr\/index.php\/wp-json\/wp\/v2\/pages\/17\/revisions"}],"predecessor-version":[{"id":342,"href":"http:\/\/www.jardinsdumontblanc.fr\/index.php\/wp-json\/wp\/v2\/pages\/17\/revisions\/342"}],"wp:featuredmedia":[{"embeddable":true,"href":"http:\/\/www.jardinsdumontblanc.fr\/index.php\/wp-json\/wp\/v2\/media\/137"}],"wp:attachment":[{"href":"http:\/\/www.jardinsdumontblanc.fr\/index.php\/wp-json\/wp\/v2\/media?parent=17"}],"curies":[{"name":"wp","href":"https:\/\/api.w.org\/{rel}","templated":true}]}}