{"id":16,"date":"2025-02-01T13:58:04","date_gmt":"2025-02-01T12:58:04","guid":{"rendered":"http:\/\/www.jardinsdumontblanc.fr\/?page_id=16"},"modified":"2025-06-02T20:12:59","modified_gmt":"2025-06-02T18:12:59","slug":"les-gites","status":"publish","type":"page","link":"http:\/\/www.jardinsdumontblanc.fr\/index.php\/les-gites\/","title":{"rendered":"G\u00eete Mont Blanc"},"content":{"rendered":"\n<div class=\"wp-block-group\"><div class=\"wp-block-group__inner-container is-layout-constrained wp-block-group-is-layout-constrained\">\n<div class=\"wp-block-group\"><div class=\"wp-block-group__inner-container is-layout-constrained wp-block-group-is-layout-constrained\">\n<p style=\"font-size:16px\">Bienvenue dans notre Eco-G\u00eete &#8220;Les Jardins du Mont Blanc&#8221;&nbsp;<\/p>\n\n\n\n<p style=\"font-size:16px\">Le g\u00eete est id\u00e9alement situ\u00e9 pour profiter des plaisirs de la montagne, grimper quelques cols mythiques du tour de France \u00e0 v\u00e9lo ou \u00e0 moto, visiter le patrimoine savoyard.<\/p>\n<\/div><\/div>\n\n\n\n<p style=\"font-size:16px\">Au calme, vous saurez aussi vous ressourcer et profiter des massages et soins en m\u00e9decine traditionnelle chinoise que nous proposons.<\/p>\n<\/div><\/div>\n\n\n\n<div id=\"wp-block-themeisle-blocks-slider-8840aa7f\" class=\"wp-block-themeisle-blocks-slider glide\" data-per-view=\"2\" data-gap=\"15\" data-peek=\"0\" data-autoplay=\"true\" data-height=\"300px\" data-hide-arrows=\"false\"><div class=\"glide__track\" data-glide-el=\"track\"><div class=\"glide__slides\"><div class=\"wp-block-themeisle-blocks-slider-item-wrapper glide__slide\" tabindex=\"0\"><figure><img decoding=\"async\" class=\"wp-block-themeisle-blocks-slider-item\" src=\"http:\/\/www.jardinsdumontblanc.fr\/wp-content\/uploads\/2025\/06\/1.MB_.DSC05915m-1-scaled.jpg\" alt=\"\" title=\"\" data-id=\"267\"\/><\/figure><\/div><div class=\"wp-block-themeisle-blocks-slider-item-wrapper glide__slide\" tabindex=\"0\"><figure><img decoding=\"async\" class=\"wp-block-themeisle-blocks-slider-item\" src=\"http:\/\/www.jardinsdumontblanc.fr\/wp-content\/uploads\/2025\/06\/DSC08128-1-scaled.jpg\" alt=\"\" title=\"\" data-id=\"287\"\/><\/figure><\/div><div class=\"wp-block-themeisle-blocks-slider-item-wrapper glide__slide\" tabindex=\"0\"><figure><img decoding=\"async\" class=\"wp-block-themeisle-blocks-slider-item\" src=\"http:\/\/www.jardinsdumontblanc.fr\/wp-content\/uploads\/2025\/06\/1.MB_.DSC05971m-1-scaled.jpg\" alt=\"\" title=\"\" data-id=\"273\"\/><\/figure><\/div><div class=\"wp-block-themeisle-blocks-slider-item-wrapper glide__slide\" tabindex=\"0\"><figure><img decoding=\"async\" class=\"wp-block-themeisle-blocks-slider-item\" src=\"http:\/\/www.jardinsdumontblanc.fr\/wp-content\/uploads\/2025\/06\/a1.-Salon-cuisine-1-scaled.jpg\" alt=\"\" title=\"\" data-id=\"276\"\/><\/figure><\/div><div class=\"wp-block-themeisle-blocks-slider-item-wrapper glide__slide\" tabindex=\"0\"><figure><img decoding=\"async\" class=\"wp-block-themeisle-blocks-slider-item\" src=\"http:\/\/www.jardinsdumontblanc.fr\/wp-content\/uploads\/2025\/06\/1.MB_.DSC05904m-1-scaled.jpg\" alt=\"\" title=\"\" data-id=\"272\"\/><\/figure><\/div><div class=\"wp-block-themeisle-blocks-slider-item-wrapper glide__slide\" tabindex=\"0\"><figure><img decoding=\"async\" class=\"wp-block-themeisle-blocks-slider-item\" src=\"http:\/\/www.jardinsdumontblanc.fr\/wp-content\/uploads\/2025\/06\/1.MB_.DSC05906m-1-scaled.jpg\" alt=\"\" title=\"\" data-id=\"269\"\/><\/figure><\/div><div class=\"wp-block-themeisle-blocks-slider-item-wrapper glide__slide\" tabindex=\"0\"><figure><img decoding=\"async\" class=\"wp-block-themeisle-blocks-slider-item\" src=\"http:\/\/www.jardinsdumontblanc.fr\/wp-content\/uploads\/2025\/06\/DSC05712-1-scaled.jpg\" alt=\"\" title=\"\" data-id=\"281\"\/><\/figure><\/div><div class=\"wp-block-themeisle-blocks-slider-item-wrapper glide__slide\" tabindex=\"0\"><figure><img decoding=\"async\" class=\"wp-block-themeisle-blocks-slider-item\" src=\"http:\/\/www.jardinsdumontblanc.fr\/wp-content\/uploads\/2025\/06\/1.MB_.DSC05920m-1-scaled.jpg\" alt=\"\" title=\"\" data-id=\"268\"\/><\/figure><\/div><div class=\"wp-block-themeisle-blocks-slider-item-wrapper glide__slide\" tabindex=\"0\"><figure><img decoding=\"async\" class=\"wp-block-themeisle-blocks-slider-item\" src=\"http:\/\/www.jardinsdumontblanc.fr\/wp-content\/uploads\/2025\/06\/1.MB_.DSC05935m-1-scaled.jpg\" alt=\"\" title=\"\" data-id=\"265\"\/><\/figure><\/div><div class=\"wp-block-themeisle-blocks-slider-item-wrapper glide__slide\" tabindex=\"0\"><figure><img decoding=\"async\" class=\"wp-block-themeisle-blocks-slider-item\" src=\"http:\/\/www.jardinsdumontblanc.fr\/wp-content\/uploads\/2025\/06\/DSC05757-1-scaled.jpg\" alt=\"\" title=\"\" data-id=\"283\"\/><\/figure><\/div><div class=\"wp-block-themeisle-blocks-slider-item-wrapper glide__slide\" tabindex=\"0\"><figure><img decoding=\"async\" class=\"wp-block-themeisle-blocks-slider-item\" src=\"http:\/\/www.jardinsdumontblanc.fr\/wp-content\/uploads\/2025\/06\/1.MB_.-DSC05897m-1-scaled.jpg\" alt=\"\" title=\"\" data-id=\"266\"\/><\/figure><\/div><div class=\"wp-block-themeisle-blocks-slider-item-wrapper glide__slide\" tabindex=\"0\"><figure><img decoding=\"async\" class=\"wp-block-themeisle-blocks-slider-item\" src=\"http:\/\/www.jardinsdumontblanc.fr\/wp-content\/uploads\/2025\/06\/1.MB_.DSC05989m-scaled.jpg\" alt=\"\" title=\"\" data-id=\"271\"\/><\/figure><\/div><div class=\"wp-block-themeisle-blocks-slider-item-wrapper glide__slide\" tabindex=\"0\"><figure><img decoding=\"async\" class=\"wp-block-themeisle-blocks-slider-item\" src=\"http:\/\/www.jardinsdumontblanc.fr\/wp-content\/uploads\/2025\/06\/1.MB_.DSC06006m-1-scaled.jpg\" alt=\"\" title=\"\" data-id=\"270\"\/><\/figure><\/div><div class=\"wp-block-themeisle-blocks-slider-item-wrapper glide__slide\" tabindex=\"0\"><figure><img decoding=\"async\" class=\"wp-block-themeisle-blocks-slider-item\" src=\"http:\/\/www.jardinsdumontblanc.fr\/wp-content\/uploads\/2025\/06\/DSC08097-1-scaled.jpg\" alt=\"\" title=\"\" data-id=\"286\"\/><\/figure><\/div><div class=\"wp-block-themeisle-blocks-slider-item-wrapper glide__slide\" tabindex=\"0\"><figure><img decoding=\"async\" class=\"wp-block-themeisle-blocks-slider-item\" src=\"http:\/\/www.jardinsdumontblanc.fr\/wp-content\/uploads\/2025\/06\/1.MB_.DSC06015m-1-scaled.jpg\" alt=\"\" title=\"\" data-id=\"278\"\/><\/figure><\/div><div class=\"wp-block-themeisle-blocks-slider-item-wrapper glide__slide\" tabindex=\"0\"><figure><img decoding=\"async\" class=\"wp-block-themeisle-blocks-slider-item\" src=\"http:\/\/www.jardinsdumontblanc.fr\/wp-content\/uploads\/2025\/06\/1.MB_.DSC06019m-1-scaled.jpg\" alt=\"\" title=\"\" data-id=\"277\"\/><\/figure><\/div><div class=\"wp-block-themeisle-blocks-slider-item-wrapper glide__slide\" tabindex=\"0\"><figure><img decoding=\"async\" class=\"wp-block-themeisle-blocks-slider-item\" src=\"http:\/\/www.jardinsdumontblanc.fr\/wp-content\/uploads\/2025\/06\/a2.-Salon-1-1-scaled.jpg\" alt=\"\" title=\"\" data-id=\"279\"\/><\/figure><\/div><div class=\"wp-block-themeisle-blocks-slider-item-wrapper glide__slide\" tabindex=\"0\"><figure><img decoding=\"async\" class=\"wp-block-themeisle-blocks-slider-item\" src=\"http:\/\/www.jardinsdumontblanc.fr\/wp-content\/uploads\/2025\/06\/a3.chambre-2-scaled.jpg\" alt=\"\" title=\"\" data-id=\"288\"\/><\/figure><\/div><div class=\"wp-block-themeisle-blocks-slider-item-wrapper glide__slide\" tabindex=\"0\"><figure><img decoding=\"async\" class=\"wp-block-themeisle-blocks-slider-item\" src=\"http:\/\/www.jardinsdumontblanc.fr\/wp-content\/uploads\/2025\/06\/a5-Jardin-enneige-1.jpg\" alt=\"\" title=\"\" data-id=\"275\"\/><\/figure><\/div><div class=\"wp-block-themeisle-blocks-slider-item-wrapper glide__slide\" tabindex=\"0\"><figure><img decoding=\"async\" class=\"wp-block-themeisle-blocks-slider-item\" src=\"http:\/\/www.jardinsdumontblanc.fr\/wp-content\/uploads\/2025\/06\/a6.-Salle-de-bains-2-1-scaled.jpg\" alt=\"\" title=\"\" data-id=\"280\"\/><\/figure><\/div><div class=\"wp-block-themeisle-blocks-slider-item-wrapper glide__slide\" tabindex=\"0\"><figure><img decoding=\"async\" class=\"wp-block-themeisle-blocks-slider-item\" src=\"http:\/\/www.jardinsdumontblanc.fr\/wp-content\/uploads\/2025\/06\/DSC05714-1-scaled.jpg\" alt=\"\" title=\"\" data-id=\"282\"\/><\/figure><\/div><div class=\"wp-block-themeisle-blocks-slider-item-wrapper glide__slide\" tabindex=\"0\"><figure><img decoding=\"async\" class=\"wp-block-themeisle-blocks-slider-item\" src=\"http:\/\/www.jardinsdumontblanc.fr\/wp-content\/uploads\/2025\/06\/DSC05789-1-scaled.jpg\" alt=\"\" title=\"\" data-id=\"285\"\/><\/figure><\/div><div class=\"wp-block-themeisle-blocks-slider-item-wrapper glide__slide\" tabindex=\"0\"><figure><img decoding=\"async\" class=\"wp-block-themeisle-blocks-slider-item\" src=\"http:\/\/www.jardinsdumontblanc.fr\/wp-content\/uploads\/2025\/06\/photo-ext-1.jpeg\" alt=\"\" title=\"\" data-id=\"284\"\/><\/figure><\/div><\/div><\/div><\/div>\n\n\n\n<div class=\"wp-block-group\"><div class=\"wp-block-group__inner-container is-layout-constrained wp-block-group-is-layout-constrained\">\n<p style=\"font-size:16px\">Dans une grande maison compos\u00e9e de 3 g\u00eetes et notre habitation, vous appr\u00e9cierez particuli\u00e8rement le <strong>g\u00eete &#8220;Mont Blanc&#8221; <\/strong>pour  :<\/p>\n\n\n\n<ul style=\"font-size:16px\" class=\"wp-block-list\">\n<li>la vue sur le Mont Blanc,<\/li>\n\n\n\n<li>la grande terrasse de 30 m\u00b2 avec acc\u00e8s direct au jardin partag\u00e9,<\/li>\n\n\n\n<li>le salon cozy de 16m\u00b2 avec cuisine bien \u00e9quip\u00e9e,<\/li>\n\n\n\n<li>la grande chambre de 16m\u00b2 avec lit double confortable ou 2 lits simples et espace de travail<\/li>\n\n\n\n<li>la salle de bain avec baignoire baln\u00e9o<\/li>\n<\/ul>\n\n\n\n<p style=\"font-size:16px\">et le confort du plancher chauffant chauff\u00e9 par des panneaux solaires thermiques.<\/p>\n\n\n\n<p style=\"font-size:16px\">Le g\u00eete est situ\u00e9 au c\u0153ur des Alpes&nbsp;et au pied du Parc des Bauges. Quelques d\u00e9parts de randonn\u00e9e sont possibles de la maison. Une dizaine de stations de ski dont 3 vall\u00e9es sont accessibles \u00e0 moins d\u2019une heure de route. Pour le V\u00e9lo ou la moto, la route du col de Tami\u00e9 passe devant la maison.<\/p>\n\n\n\n<p style=\"font-size:16px\">L\u2019acc\u00e8s en voiture se fait par l\u2019autoroute A430 \u00ab&nbsp;sortie Saint H\u00e9l\u00e8ne sur Is\u00e8re&nbsp;\u00bb puis 10 mn de voiture en direction du Col de Tami\u00e9. Une place de stationnement vous sera r\u00e9serv\u00e9e sur place.<\/p>\n\n\n\n<p>En train ou en bus&nbsp;: gare SNCF de Frontenex, situ\u00e9e \u00e0 5 minutes, gare d\u2019Albertville \u00e0 15 minutes. Possibilit\u00e9 de louer une voiture \u00e0 Albertville.<\/p>\n\n\n\n<p style=\"font-size:16px\">La zone commerciale situ\u00e9e \u00e0 10 minutes avec hypermarch\u00e9, laverie automatique, restaurants\u2026<\/p>\n<\/div><\/div>\n","protected":false},"excerpt":{"rendered":"<p>Bienvenue dans notre Eco-G\u00eete &#8220;Les Jardins du Mont Blanc&#8221;&nbsp; Le g\u00eete est id\u00e9alement situ\u00e9 pour profiter des plaisirs de la montagne, grimper quelques cols mythiques du tour de France \u00e0 v\u00e9lo ou \u00e0 moto, visiter le patrimoine savoyard. Au calme, vous saurez aussi vous ressourcer et profiter des massages et [&hellip;]<\/p>\n","protected":false},"author":1,"featured_media":107,"parent":0,"menu_order":0,"comment_status":"closed","ping_status":"closed","template":"page-templates\/template-fullwidth.php","meta":{"_themeisle_gutenberg_block_has_review":false,"footnotes":""},"class_list":["post-16","page","type-page","status-publish","has-post-thumbnail","hentry"],"_links":{"self":[{"href":"http:\/\/www.jardinsdumontblanc.fr\/index.php\/wp-json\/wp\/v2\/pages\/16","targetHints":{"allow":["GET"]}}],"collection":[{"href":"http:\/\/www.jardinsdumontblanc.fr\/index.php\/wp-json\/wp\/v2\/pages"}],"about":[{"href":"http:\/\/www.jardinsdumontblanc.fr\/index.php\/wp-json\/wp\/v2\/types\/page"}],"author":[{"embeddable":true,"href":"http:\/\/www.jardinsdumontblanc.fr\/index.php\/wp-json\/wp\/v2\/users\/1"}],"replies":[{"embeddable":true,"href":"http:\/\/www.jardinsdumontblanc.fr\/index.php\/wp-json\/wp\/v2\/comments?post=16"}],"version-history":[{"count":14,"href":"http:\/\/www.jardinsdumontblanc.fr\/index.php\/wp-json\/wp\/v2\/pages\/16\/revisions"}],"predecessor-version":[{"id":289,"href":"http:\/\/www.jardinsdumontblanc.fr\/index.php\/wp-json\/wp\/v2\/pages\/16\/revisions\/289"}],"wp:featuredmedia":[{"embeddable":true,"href":"http:\/\/www.jardinsdumontblanc.fr\/index.php\/wp-json\/wp\/v2\/media\/107"}],"wp:attachment":[{"href":"http:\/\/www.jardinsdumontblanc.fr\/index.php\/wp-json\/wp\/v2\/media?parent=16"}],"curies":[{"name":"wp","href":"https:\/\/api.w.org\/{rel}","templated":true}]}}